{"id":27,"date":"2011-09-28T20:02:44","date_gmt":"2011-09-28T20:02:44","guid":{"rendered":"http:\/\/www.kriesi.at\/themes\/flashlight\/?page_id=27"},"modified":"2020-09-25T10:59:46","modified_gmt":"2020-09-25T10:59:46","slug":"portfolio","status":"publish","type":"page","link":"https:\/\/www.philipp-wurm.de\/index.php\/portfolio\/","title":{"rendered":"PROFIL"},"content":{"rendered":"<address>\u00a0<\/address>\n<address>\u00a0<\/address>\n<address><img loading=\"lazy\" decoding=\"async\" class=\"alignnone wp-image-667\" src=\"https:\/\/www.philipp-wurm.de\/wp-content\/uploads\/2019\/05\/DSC7213-2-2-200x300.jpg\" alt=\"\" width=\"261\" height=\"392\" srcset=\"https:\/\/www.philipp-wurm.de\/wp-content\/uploads\/2019\/05\/DSC7213-2-2-200x300.jpg 200w, https:\/\/www.philipp-wurm.de\/wp-content\/uploads\/2019\/05\/DSC7213-2-2-683x1024.jpg 683w, https:\/\/www.philipp-wurm.de\/wp-content\/uploads\/2019\/05\/DSC7213-2-2-240x360.jpg 240w, https:\/\/www.philipp-wurm.de\/wp-content\/uploads\/2019\/05\/DSC7213-2-2-430x644.jpg 430w, https:\/\/www.philipp-wurm.de\/wp-content\/uploads\/2019\/05\/DSC7213-2-2.jpg 700w\" sizes=\"auto, (max-width: 261px) 100vw, 261px\" \/><\/address>\n<address>\u00a0<\/address>\n<p>Redakteur beim Berliner Stadtmagazin tip, zust\u00e4ndig f\u00fcr Themen aus Politik und Gesellschaft.<\/p>\n<p>Schreibt auch f\u00fcr andere Zeitungen und Zeitschriften, Ver\u00f6ffentlichungen u. a. in Brand Eins, Chrismon, Enorm, Fluter, Freitag, Greenpeace Magazin, Natur, Publik Forum, Reportagen, Spex, Spiegel Online, Tagesspiegel, ZEIT, ZEITmagazin.<\/p>\n<p>Schreibt \u00fcber alles, was von Interesse ist: \u00fcber Mensch und Gesellschaft, Pop und Politik, Zukunft und Vergangenheit, Helden und schlechte Beispiele.<\/p>\n<p>Hat die Zeitenspiegel Reportageschule besucht, unterst\u00fctzt durch ein Stipendium der FAZIT-Stiftung, und bei der Westdeutschen Zeitung in D\u00fcsseldorf und Wuppertal volontiert.<\/p>\n<p>Hat zudem Germanistik, Geschichte und Politikwissenschaft in K\u00f6ln und Danzig studiert.<\/p>\n<p>Verbraucherjournalistenpreis 2013<br \/>\nJournalistenpreis der Agentur f\u00fcr Erneuerbare Energien 2014<br \/>\nNominiert f\u00fcr den Alternativen Medienpreis 2014<\/p>\n<p><a href=\"https:\/\/www.torial.com\/philipp.wurm\">https:\/\/www.torial.com\/philipp.wurm<\/a><\/p>\n","protected":false},"excerpt":{"rendered":"<p>\u00a0 \u00a0 \u00a0 Redakteur beim Berliner Stadtmagazin tip, zust\u00e4ndig f\u00fcr Themen aus Politik und Gesellschaft. Schreibt auch f\u00fcr andere Zeitungen und Zeitschriften, Ver\u00f6ffentlichungen u. a. in Brand Eins, Chrismon, Enorm, Fluter, Freitag, Greenpeace Magazin, Natur, Publik Forum, Reportagen, Spex, Spiegel Online, Tagesspiegel, ZEIT, ZEITmagazin. Schreibt \u00fcber alles, was von Interesse ist: \u00fcber Mensch und Gesellschaft, [&hellip;]<\/p>\n","protected":false},"author":1,"featured_media":0,"parent":0,"menu_order":0,"comment_status":"open","ping_status":"closed","template":"","meta":{"footnotes":""},"class_list":["post-27","page","type-page","status-publish","hentry"],"_links":{"self":[{"href":"https:\/\/www.philipp-wurm.de\/index.php\/wp-json\/wp\/v2\/pages\/27","targetHints":{"allow":["GET"]}}],"collection":[{"href":"https:\/\/www.philipp-wurm.de\/index.php\/wp-json\/wp\/v2\/pages"}],"about":[{"href":"https:\/\/www.philipp-wurm.de\/index.php\/wp-json\/wp\/v2\/types\/page"}],"author":[{"embeddable":true,"href":"https:\/\/www.philipp-wurm.de\/index.php\/wp-json\/wp\/v2\/users\/1"}],"replies":[{"embeddable":true,"href":"https:\/\/www.philipp-wurm.de\/index.php\/wp-json\/wp\/v2\/comments?post=27"}],"version-history":[{"count":7,"href":"https:\/\/www.philipp-wurm.de\/index.php\/wp-json\/wp\/v2\/pages\/27\/revisions"}],"predecessor-version":[{"id":687,"href":"https:\/\/www.philipp-wurm.de\/index.php\/wp-json\/wp\/v2\/pages\/27\/revisions\/687"}],"wp:attachment":[{"href":"https:\/\/www.philipp-wurm.de\/index.php\/wp-json\/wp\/v2\/media?parent=27"}],"curies":[{"name":"wp","href":"https:\/\/api.w.org\/{rel}","templated":true}]}}